{"id":6371,"date":"2015-03-12T14:52:34","date_gmt":"2015-03-12T18:52:34","guid":{"rendered":"https:\/\/robitaillephoto.com\/stage\/about-me\/"},"modified":"2021-08-17T08:19:58","modified_gmt":"2021-08-17T12:19:58","slug":"about","status":"publish","type":"page","link":"https:\/\/robitaillephoto.com\/en\/about\/","title":{"rendered":"ABOUT"},"content":{"rendered":"<p>[vc_row full_width=&#8221;stretch_row_content&#8221; full_height=&#8221;yes&#8221; no_bottom_margin=&#8221;yes&#8221; css=&#8221;.vc_custom_1609294422247{background-position: center !important;background-repeat: no-repeat !important;background-size: cover !important;}&#8221;][vc_column width=&#8221;1\/6&#8243; reveal_effect=&#8221;&#8221;][\/vc_column][vc_column width=&#8221;2\/3&#8243; reveal_effect=&#8221;&#8221; css=&#8221;.vc_custom_1609808024582{padding-right: 50px !important;padding-left: 50px !important;}&#8221; el_class=&#8221;about-container&#8221;][vc_column_text]<\/p>\n<h4><img loading=\"lazy\" decoding=\"async\" class=\"aligncenter wp-image-4897\" src=\"https:\/\/robitaillephoto.com\/wp-content\/uploads\/2021\/01\/DDA95CA5-6004-4959-87D0-B4E5405F4570.jpg\" alt=\"\" width=\"300\" height=\"300\" \/><\/h4>\n<h4>\u00ab Voir grand, loin et longtemps \u00bb Si Luc Robitaille s\u2019inventait une devise, \u00e7a pourrait ressembler \u00e0 \u00e7a. Mais il faudrait ajouter \u00ab prolifiquement \u00bb, vu la quantit\u00e9 et la diversit\u00e9 de ses r\u00e9alisations professionnelles et son statut notoire de p\u00e8re de quatre enfants (avec la m\u00eame femme et associ\u00e9e, pour ceux qui n\u2019ont pas encore pos\u00e9 la question). Il faudrait forc\u00e9ment ajouter \u00ab passionn\u00e9ment \u00bb m\u00eame si le terme est surfait, puisque tous s\u2019accordent pour dire de Luc qu\u2019il est un \u00ab craqu\u00e9 \u00bb de photo, mais aussi de golf, de p\u00eache, de vin et de musique. Il n\u2019est pas boulimique, il est amoureux. Il n\u2019est pas arriviste, il est ambitieux. Et archiminutieux.<\/h4>\n<h4><em>C\u00e9line Tremblay<br \/>\nMagazine Plaisirs de vivre<\/em><\/h4>\n<p>[\/vc_column_text][\/vc_column][vc_column width=&#8221;1\/6&#8243;][\/vc_column][\/vc_row]<\/p>\n","protected":false},"excerpt":{"rendered":"<p>[vc_row full_width=&#8221;stretch_row_content&#8221; full_height=&#8221;yes&#8221; no_bottom_margin=&#8221;yes&#8221; css=&#8221;.vc_custom_1609294422247{background-position: center !important;background-repeat: no-repeat !important;background-size: cover !important;}&#8221;][vc_column width=&#8221;1\/6&#8243; reveal_effect=&#8221;&#8221;][\/vc_column][vc_column width=&#8221;2\/3&#8243; reveal_effect=&#8221;&#8221; css=&#8221;.vc_custom_1609808024582{padding-right: 50px !important;padding-left: 50px !important;}&#8221; el_class=&#8221;about-container&#8221;][vc_column_text] \u00ab Voir grand, loin et longtemps \u00bb Si Luc Robitaille s\u2019inventait une devise, \u00e7a pourrait ressembler \u00e0 \u00e7a. Mais il faudrait ajouter \u00ab prolifiquement \u00bb, vu la quantit\u00e9 et la diversit\u00e9 de ses r\u00e9alisations&hellip;<\/p>\n","protected":false},"author":1,"featured_media":0,"parent":0,"menu_order":0,"comment_status":"open","ping_status":"closed","template":"","meta":{"footnotes":""},"class_list":["post-6371","page","type-page","status-publish","hentry"],"_links":{"self":[{"href":"https:\/\/robitaillephoto.com\/en\/wp-json\/wp\/v2\/pages\/6371","targetHints":{"allow":["GET"]}}],"collection":[{"href":"https:\/\/robitaillephoto.com\/en\/wp-json\/wp\/v2\/pages"}],"about":[{"href":"https:\/\/robitaillephoto.com\/en\/wp-json\/wp\/v2\/types\/page"}],"author":[{"embeddable":true,"href":"https:\/\/robitaillephoto.com\/en\/wp-json\/wp\/v2\/users\/1"}],"replies":[{"embeddable":true,"href":"https:\/\/robitaillephoto.com\/en\/wp-json\/wp\/v2\/comments?post=6371"}],"version-history":[{"count":11,"href":"https:\/\/robitaillephoto.com\/en\/wp-json\/wp\/v2\/pages\/6371\/revisions"}],"predecessor-version":[{"id":7598,"href":"https:\/\/robitaillephoto.com\/en\/wp-json\/wp\/v2\/pages\/6371\/revisions\/7598"}],"wp:attachment":[{"href":"https:\/\/robitaillephoto.com\/en\/wp-json\/wp\/v2\/media?parent=6371"}],"curies":[{"name":"wp","href":"https:\/\/api.w.org\/{rel}","templated":true}]}}